{"id":4996,"date":"2017-11-27T12:38:39","date_gmt":"2017-11-27T11:38:39","guid":{"rendered":"https:\/\/www.logxon.com\/?page_id=37"},"modified":"2021-09-24T15:44:59","modified_gmt":"2021-09-24T13:44:59","slug":"imprint","status":"publish","type":"page","link":"https:\/\/www.logxon.com\/en\/imprint\/","title":{"rendered":"Imprint"},"content":{"rendered":"<p><strong>LOGXON GmbH &amp; Co. KG<\/strong><br \/>\nAm Holzlachgraben 18<br \/>\n64665 Alsbach-H\u00e4hnlein<br \/>\nGermany<\/p>\n<p>LOGXON GmbH &amp; Co. KG is represented by Gesch\u00e4ftsf\u00fchrer:\u00a0Andreas Hechler, Vincent Haldy, Thomas Hechler<\/p>\n<p>Phone: +49 6257 5049011<br \/>\nMobile: +49 170 9373049<br \/>\nE-Mail: <a href=\"mailto:info@logxon.com\">info@logxon.com<\/a><br \/>\nWebsite: <a href=\"https:\/\/www.logxon.com\">www.logxon.com<\/a><\/p>\n<p>Register jurisdiction: Amtsgericht Darmstadt<br \/>\nRegistration number: HRA 86174<\/p>\n<p>VAT identification number according to \u00a7 27a of the Umsatzsteuergesetz (UStG, Sales Tax Law): DE316060333<br \/>\nLocal tax office:\u00a0Darmstadt<\/p>\n<p>Responsible for contents according to \u00a7 55 <em>Rundfunkstaatsvertrag<\/em> (<em>RStV<\/em>, Broadcast Services State Treaty): Thomas Hechler<\/p>\n<p>Bank Account:<br \/>\nRaiffeisenbank N\u00f6rdliche Bergstra\u00dfe eG<br \/>\nAccount number: 250651<br \/>\nBank code: 50861501<\/p>\n<p>IBAN: DE51508615010000250651<br \/>\nBIC: GENODE51ABH<\/p>\n<h3><strong>Konzeption, Gestaltung und Umsetzung<\/strong><\/h3>\n<p><strong>Hyperbrand \u2013 Webdesign Studio<\/strong><br \/>\nThorsten Schraut<br \/>\nRennbahnstra\u00dfe 38<br \/>\n60528 Frankfurt am Main<\/p>\n<p><a href=\"http:\/\/www.hyperbrand.de\">www.hyperbrand.de<\/a><\/p>\n<p>Launch-Begleitung und SEO-Beratung<br \/>\n<strong>Spinpool Online-Marketing<\/strong><\/p>\n<p><a href=\"https:\/\/www.spinpool.de\/\">www.spinpool.de<\/a><\/p>\n<h2><strong>H<\/strong><strong>aftungsausschluss<\/strong><\/h2>\n<h3><strong>Inhalt der Webseite<br \/>\n<\/strong><\/h3>\n<p>Die Inhalte dieser Website wurden und werden mit gr\u00f6\u00dftm\u00f6glicher Sorgfalt erstellt. \u00a0F\u00fcr die Richtigkeit, Vollst\u00e4ndigkeit und Aktualit\u00e4t der bereitgestellten Inhalte k\u00f6nnen wir jedoch keine Gew\u00e4hr \u00fcbernehmen. Als Diensteanbieter sind wir gem\u00e4\u00df \u00a7 7 Abs.1 TMG f\u00fcr eigene Inhalte auf diesen Seiten nach den allgemeinen Gesetzen verantwortlich. Nach \u00a7\u00a7 8 bis 10 TMG sind wir als Diensteanbieter jedoch nicht verpflichtet, \u00fcbermittelte oder gespeicherte fremde Informationen zu \u00fcberwachen oder nach Umst\u00e4nden zu forschen, die auf eine rechtswidrige T\u00e4tigkeit hinweisen. Verpflichtungen zur Entfernung oder Sperrung der Nutzung von Informationen nach den allgemeinen Gesetzen bleiben hiervon unber\u00fchrt. Eine diesbez\u00fcgliche Haftung ist jedoch erst ab dem Zeitpunkt der Kenntnis einer konkreten Rechtsverletzung m\u00f6glich. Bei Bekanntwerden von entsprechenden Rechtsverletzungen werden wir diese Inhalte umgehend entfernen. Namentlich gekennzeichnete Beitr\u00e4ge geben die Meinung des jeweiligen Autors und nicht immer die Meinung der Gesellschaft wieder.<\/p>\n<h3><strong>Externe Links:<\/strong><\/h3>\n<p>Bei direkten oder indirekten Verweisen auf fremde Webseiten (&#8220;Hyperlinks&#8221;), die au\u00dferhalb des Verantwortungsbereiches des Autors liegen, w\u00fcrde eine Haftungsverpflichtung ausschlie\u00dflich in dem Fall in Kraft treten, in dem der Autor von den Inhalten Kenntnis hat und es ihm technisch m\u00f6glich und zumutbar w\u00e4re, die Nutzung im Falle rechtswidriger Inhalte zu verhindern. Der Autor erkl\u00e4rt hiermit ausdr\u00fccklich, dass zum Zeitpunkt der Linksetzung keine illegalen Inhalte auf den zu verlinkenden Seiten erkennbar waren. Auf die aktuelle und zuk\u00fcnftige Gestaltung, die Inhalte oder die Urheberschaft der verlinkten\/verkn\u00fcpften Seiten hat der Autor keinerlei Einfluss. Deshalb distanziert er sich hiermit ausdr\u00fccklich von allen Inhalten aller verlinkten \/verkn\u00fcpften Seiten, die nach der Linksetzung ver\u00e4ndert wurden. Diese Feststellung gilt f\u00fcr alle innerhalb des eigenen Internetangebotes gesetzten Links und Verweise sowie f\u00fcr Fremdeintr\u00e4ge in vom Autor eingerichteten G\u00e4steb\u00fcchern, Diskussionsforen, Linkverzeichnissen, Mailinglisten und in allen anderen Formen von Datenbanken, auf deren Inhalt externe Schreibzugriffe m\u00f6glich sind. F\u00fcr illegale, fehlerhafte oder unvollst\u00e4ndige Inhalte und insbesondere f\u00fcr Sch\u00e4den, die aus der Nutzung oder Nichtnutzung solcherart dargebotener Informationen entstehen, haftet allein der Anbieter der Seite, auf welche verwiesen wurde, nicht derjenige, der \u00fcber Links auf die jeweilige Ver\u00f6ffentlichung lediglich verweist.<\/p>\n<h3><strong>Werbeanzeigen<\/strong><\/h3>\n<p>F\u00fcr den Inhalt der Werbeanzeigen ist der jeweilige Autor verantwortlich, ebenso wie f\u00fcr den Inhalt der beworbenen Website. Die Darstellung der Werbeanzeige stellt keine Akzeptanz durch den Anbieter dar.<\/p>\n<h3><strong>Urheberrecht<\/strong><\/h3>\n<p>Die durch die Seitenbetreiber erstellten Inhalte und Werke auf diesen Seiten unterliegen dem deutschen Urheberrecht. Die unerlaubte Vervielf\u00e4ltigung, Bearbeitung, Verbreitung und jede Art der Verwertung der Inhalte oder kompletter Seiten ist nicht gestattet, strafbar und wird mit kostenpflichtiger Abmahnung geahndet. Downloads und Kopien dieser Seite sind nur f\u00fcr den privaten, nicht kommerziellen Gebrauch gestattet. Die Verwendung au\u00dferhalb der Grenzen des Urheberrechtes bed\u00fcrfen der schriftlichen Zustimmung der Firma LOGXON bzw. dem jeweiligen Autor. Die Darstellung dieser Website in fremden Webseiten oder Frames ist ebenfalls nur durch schriftliche Erlaubnis zul\u00e4ssig. Soweit die Inhalte auf dieser Seite nicht vom Betreiber erstellt wurden, werden die Urheberrechte Dritter beachtet. Insbesondere werden Inhalte Dritter als solche gekennzeichnet. Sollten Sie trotzdem auf eine Urheberrechtsverletzung aufmerksam werden, bitten wir um einen entsprechenden Hinweis. Bei Bekanntwerden von Rechtsverletzungen werden wir derartige Inhalte umgehend entfernen.<\/p>\n<h3><strong>Vertragsverh\u00e4ltnis<\/strong><\/h3>\n<p>Mit der Nutzung der Website des Anbieters kommt keinerlei Vertragsverh\u00e4ltnis zwischen dem Nutzer und dem Anbieter zustande. Insofern ergeben sich auch keinerlei vertragliche oder quasivertragliche Anspr\u00fcche gegen den Anbieter.<\/p>\n","protected":false},"excerpt":{"rendered":"<p>LOGXON GmbH &amp; Co. KG Am Holzlachgraben 18 64665 Alsbach-H\u00e4hnlein Germany LOGXON GmbH &amp; Co. KG is represented by Gesch\u00e4ftsf\u00fchrer:\u00a0Andreas Hechler, Vincent Haldy, Thomas Hechler Phone: +49 6257 5049011 Mobile: +49 170 9373049 E-Mail: info@logxon.com Website: www.logxon.com Register jurisdiction: Amtsgericht Darmstadt Registration number: HRA 86174 VAT identification number according to \u00a7 27a of the Umsatzsteuergesetz [&hellip;]<\/p>\n","protected":false},"author":10,"featured_media":0,"parent":0,"menu_order":0,"comment_status":"closed","ping_status":"closed","template":"","meta":{"footnotes":""},"coauthors":[15],"class_list":["post-4996","page","type-page","status-publish","hentry"],"_links":{"self":[{"href":"https:\/\/www.logxon.com\/en\/wp-json\/wp\/v2\/pages\/4996","targetHints":{"allow":["GET"]}}],"collection":[{"href":"https:\/\/www.logxon.com\/en\/wp-json\/wp\/v2\/pages"}],"about":[{"href":"https:\/\/www.logxon.com\/en\/wp-json\/wp\/v2\/types\/page"}],"author":[{"embeddable":true,"href":"https:\/\/www.logxon.com\/en\/wp-json\/wp\/v2\/users\/10"}],"replies":[{"embeddable":true,"href":"https:\/\/www.logxon.com\/en\/wp-json\/wp\/v2\/comments?post=4996"}],"version-history":[{"count":1,"href":"https:\/\/www.logxon.com\/en\/wp-json\/wp\/v2\/pages\/4996\/revisions"}],"predecessor-version":[{"id":5124,"href":"https:\/\/www.logxon.com\/en\/wp-json\/wp\/v2\/pages\/4996\/revisions\/5124"}],"wp:attachment":[{"href":"https:\/\/www.logxon.com\/en\/wp-json\/wp\/v2\/media?parent=4996"}],"wp:term":[{"taxonomy":"author","embeddable":true,"href":"https:\/\/www.logxon.com\/en\/wp-json\/wp\/v2\/coauthors?post=4996"}],"curies":[{"name":"wp","href":"https:\/\/api.w.org\/{rel}","templated":true}]}}